{"id":1199,"date":"2025-11-15T18:04:48","date_gmt":"2025-11-15T18:04:48","guid":{"rendered":"https:\/\/remotion.rehab\/?page_id=1199"},"modified":"2025-11-19T17:06:54","modified_gmt":"2025-11-19T17:06:54","slug":"patent","status":"publish","type":"page","link":"https:\/\/remotion.rehab\/fr\/patent\/","title":{"rendered":"Brevet"},"content":{"rendered":"<div data-elementor-type=\"wp-page\" data-elementor-id=\"1199\" class=\"elementor elementor-1199\" data-elementor-post-type=\"page\">\n\t\t\t\t<div class=\"elementor-element elementor-element-1c0a296 e-flex e-con-boxed wpr-particle-no wpr-jarallax-no wpr-parallax-no wpr-sticky-section-no e-con e-parent\" data-id=\"1c0a296\" data-element_type=\"container\">\n\t\t\t\t\t<div class=\"e-con-inner\">\n\t\t\t\t<div class=\"elementor-element elementor-element-143e42a elementor-widget elementor-widget-spacer\" data-id=\"143e42a\" data-element_type=\"widget\" data-widget_type=\"spacer.default\">\n\t\t\t\t\t\t\t<div class=\"elementor-spacer\">\n\t\t\t<div class=\"elementor-spacer-inner\"><\/div>\n\t\t<\/div>\n\t\t\t\t\t\t<\/div>\n\t\t\t\t\t<\/div>\n\t\t\t\t<\/div>\n\t\t<div class=\"elementor-element elementor-element-cff0ee0 e-flex e-con-boxed wpr-particle-no wpr-jarallax-no wpr-parallax-no wpr-sticky-section-no e-con e-parent\" data-id=\"cff0ee0\" data-element_type=\"container\">\n\t\t\t\t\t<div class=\"e-con-inner\">\n\t\t<div class=\"elementor-element elementor-element-86ad7f3 e-con-full e-flex wpr-particle-no wpr-jarallax-no wpr-parallax-no wpr-sticky-section-no e-con e-child\" data-id=\"86ad7f3\" data-element_type=\"container\">\n\t\t\t\t<div class=\"elementor-element elementor-element-288e63a elementor-widget elementor-widget-heading\" data-id=\"288e63a\" data-element_type=\"widget\" data-widget_type=\"heading.default\">\n\t\t\t\t\t<h3 class=\"elementor-heading-title elementor-size-default\">La technologie de base de Remotion est prot\u00e9g\u00e9e par un certificat d\u2019utilit\u00e9 fran\u00e7ais d\u00e9pos\u00e9 aupr\u00e8s de l\u2019INPI (Institut National de la Propri\u00e9t\u00e9 Industrielle).<\/h3>\t\t\t\t<\/div>\n\t\t\t\t<div class=\"elementor-element elementor-element-b606751 elementor-widget elementor-widget-image\" data-id=\"b606751\" data-element_type=\"widget\" data-widget_type=\"image.default\">\n\t\t\t\t\t\t\t\t\t\t\t\t\t\t\t<img decoding=\"async\" src=\"https:\/\/remotion.rehab\/wp-content\/uploads\/2025\/11\/Logo-inpi.svg.png\" title=\"Logo-inpi.svg\" alt=\"Logo-inpi.svg\" loading=\"lazy\" \/>\t\t\t\t\t\t\t\t\t\t\t\t\t\t\t<\/div>\n\t\t\t\t<\/div>\n\t\t<div class=\"elementor-element elementor-element-a004a3d e-con-full e-flex wpr-particle-no wpr-jarallax-no wpr-parallax-no wpr-sticky-section-no e-con e-child\" data-id=\"a004a3d\" data-element_type=\"container\">\n\t\t\t\t<div class=\"elementor-element elementor-element-383d821 elementor-widget elementor-widget-text-editor\" data-id=\"383d821\" data-element_type=\"widget\" data-widget_type=\"text-editor.default\">\n\t\t\t\t\t\t\t\t\t<p>Ce certificat d'utilit\u00e9 publique prot\u00e8ge l'architecture innovante de notre plateforme de r\u00e9adaptation virtuelle, notamment la mani\u00e8re dont nous\u00a0:<\/p><ol><li style=\"list-style-type: none;\"><ol><li style=\"list-style-type: none;\"><ol><li data-start=\"1118\" data-end=\"1194\">Combiner la r\u00e9alit\u00e9 virtuelle immersive avec des programmes de r\u00e9adaptation bas\u00e9s sur les donn\u00e9es<\/li><li data-start=\"1199\" data-end=\"1274\">Personnaliser les exercices en fonction du profil du patient et des objectifs th\u00e9rapeutiques<\/li><li data-start=\"1279\" data-end=\"1348\">Activer les s\u00e9ances \u00e0 distance et en clinique au sein d'un m\u00eame syst\u00e8me unifi\u00e9<\/li><li data-start=\"1353\" data-end=\"1448\">Fournir aux th\u00e9rapeutes des outils num\u00e9riques pour l'\u00e9valuation, le suivi et l'adaptation des exercices<\/li><\/ol><\/li><\/ol><\/li><\/ol>\t\t\t\t\t\t\t\t<\/div>\n\t\t\t\t<\/div>\n\t\t\t\t\t<\/div>\n\t\t\t\t<\/div>\n\t\t\t\t<\/div>","protected":false},"excerpt":{"rendered":"<p>Remotion\u2019s core technology is protected by a French utility certificate filed with INPI (Institut National de la Propri\u00e9t\u00e9 Industrielle). This utility certificate protects the innovative architecture behind our virtual rehabilitation platform, including the way we: Combine immersive virtual reality with data-driven rehabilitation programs Personalize exercises according to patient profiles and therapeutic goals Enable remote and in-clinic sessions within the same unified system Support therapists with digital tools for evaluation, monitoring, and adaptation of exercises<\/p>","protected":false},"author":1,"featured_media":0,"parent":0,"menu_order":0,"comment_status":"closed","ping_status":"closed","template":"","meta":{"site-sidebar-layout":"no-sidebar","site-content-layout":"","ast-site-content-layout":"full-width-container","site-content-style":"default","site-sidebar-style":"default","ast-global-header-display":"","ast-banner-title-visibility":"","ast-main-header-display":"","ast-hfb-above-header-display":"","ast-hfb-below-header-display":"","ast-hfb-mobile-header-display":"","site-post-title":"","ast-breadcrumbs-content":"","ast-featured-img":"disabled","footer-sml-layout":"","ast-disable-related-posts":"","theme-transparent-header-meta":"","adv-header-id-meta":"","stick-header-meta":"","header-above-stick-meta":"","header-main-stick-meta":"","header-below-stick-meta":"","astra-migrate-meta-layouts":"default","ast-page-background-enabled":"default","ast-page-background-meta":{"desktop":{"background-color":"var(--ast-global-color-5)","background-image":"","background-repeat":"repeat","background-position":"center center","background-size":"auto","background-attachment":"scroll","background-type":"","background-media":"","overlay-type":"","overlay-color":"","overlay-opacity":"","overlay-gradient":""},"tablet":{"background-color":"","background-image":"","background-repeat":"repeat","background-position":"center center","background-size":"auto","background-attachment":"scroll","background-type":"","background-media":"","overlay-type":"","overlay-color":"","overlay-opacity":"","overlay-gradient":""},"mobile":{"background-color":"","background-image":"","background-repeat":"repeat","background-position":"center center","background-size":"auto","background-attachment":"scroll","background-type":"","background-media":"","overlay-type":"","overlay-color":"","overlay-opacity":"","overlay-gradient":""}},"ast-content-background-meta":{"desktop":{"background-color":"var(--ast-global-color-4)","background-image":"","background-repeat":"repeat","background-position":"center center","background-size":"auto","background-attachment":"scroll","background-type":"","background-media":"","overlay-type":"","overlay-color":"","overlay-opacity":"","overlay-gradient":""},"tablet":{"background-color":"var(--ast-global-color-4)","background-image":"","background-repeat":"repeat","background-position":"center center","background-size":"auto","background-attachment":"scroll","background-type":"","background-media":"","overlay-type":"","overlay-color":"","overlay-opacity":"","overlay-gradient":""},"mobile":{"background-color":"var(--ast-global-color-4)","background-image":"","background-repeat":"repeat","background-position":"center center","background-size":"auto","background-attachment":"scroll","background-type":"","background-media":"","overlay-type":"","overlay-color":"","overlay-opacity":"","overlay-gradient":""}},"footnotes":""},"class_list":["post-1199","page","type-page","status-publish","hentry"],"yoast_head":"<!-- This site is optimized with the Yoast SEO plugin v27.0 - https:\/\/yoast.com\/product\/yoast-seo-wordpress\/ -->\n<title>Patent - Remotion<\/title>\n<meta name=\"robots\" content=\"index, follow, max-snippet:-1, max-image-preview:large, max-video-preview:-1\" \/>\n<link rel=\"canonical\" href=\"https:\/\/remotion.rehab\/fr\/patent\/\" \/>\n<meta property=\"og:locale\" content=\"fr_FR\" \/>\n<meta property=\"og:type\" content=\"article\" \/>\n<meta property=\"og:title\" content=\"Patent - Remotion\" \/>\n<meta property=\"og:description\" content=\"Remotion\u2019s core technology is protected by a French utility certificate filed with INPI (Institut National de la Propri\u00e9t\u00e9 Industrielle). This utility certificate protects the innovative architecture behind our virtual rehabilitation platform, including the way we: Combine immersive virtual reality with data-driven rehabilitation programs Personalize exercises according to patient profiles and therapeutic goals Enable remote and in-clinic sessions within the same unified system Support therapists with digital tools for evaluation, monitoring, and adaptation of exercises\" \/>\n<meta property=\"og:url\" content=\"https:\/\/remotion.rehab\/fr\/patent\/\" \/>\n<meta property=\"og:site_name\" content=\"Remotion\" \/>\n<meta property=\"article:publisher\" content=\"https:\/\/www.facebook.com\/Remotion.Rehab\" \/>\n<meta property=\"article:modified_time\" content=\"2025-11-19T17:06:54+00:00\" \/>\n<meta property=\"og:image\" content=\"https:\/\/remotion.rehab\/wp-content\/uploads\/2025\/11\/Logo-inpi.svg.png\" \/>\n<meta name=\"twitter:card\" content=\"summary_large_image\" \/>\n<script type=\"application\/ld+json\" class=\"yoast-schema-graph\">{\"@context\":\"https:\/\/schema.org\",\"@graph\":[{\"@type\":\"WebPage\",\"@id\":\"https:\/\/remotion.rehab\/fr\/patent\/\",\"url\":\"https:\/\/remotion.rehab\/fr\/patent\/\",\"name\":\"Patent - Remotion\",\"isPartOf\":{\"@id\":\"https:\/\/remotion.rehab\/fr\/#website\"},\"primaryImageOfPage\":{\"@id\":\"https:\/\/remotion.rehab\/fr\/patent\/#primaryimage\"},\"image\":{\"@id\":\"https:\/\/remotion.rehab\/fr\/patent\/#primaryimage\"},\"thumbnailUrl\":\"https:\/\/remotion.rehab\/wp-content\/uploads\/2025\/11\/Logo-inpi.svg.png\",\"datePublished\":\"2025-11-15T18:04:48+00:00\",\"dateModified\":\"2025-11-19T17:06:54+00:00\",\"breadcrumb\":{\"@id\":\"https:\/\/remotion.rehab\/fr\/patent\/#breadcrumb\"},\"inLanguage\":\"fr-FR\",\"potentialAction\":[{\"@type\":\"ReadAction\",\"target\":[\"https:\/\/remotion.rehab\/fr\/patent\/\"]}]},{\"@type\":\"ImageObject\",\"inLanguage\":\"fr-FR\",\"@id\":\"https:\/\/remotion.rehab\/fr\/patent\/#primaryimage\",\"url\":\"https:\/\/remotion.rehab\/wp-content\/uploads\/2025\/11\/Logo-inpi.svg.png\",\"contentUrl\":\"https:\/\/remotion.rehab\/wp-content\/uploads\/2025\/11\/Logo-inpi.svg.png\"},{\"@type\":\"BreadcrumbList\",\"@id\":\"https:\/\/remotion.rehab\/fr\/patent\/#breadcrumb\",\"itemListElement\":[{\"@type\":\"ListItem\",\"position\":1,\"name\":\"Home\",\"item\":\"https:\/\/remotion.rehab\/fr\/\"},{\"@type\":\"ListItem\",\"position\":2,\"name\":\"Patent\"}]},{\"@type\":\"WebSite\",\"@id\":\"https:\/\/remotion.rehab\/fr\/#website\",\"url\":\"https:\/\/remotion.rehab\/fr\/\",\"name\":\"Remotion\",\"description\":\"\",\"publisher\":{\"@id\":\"https:\/\/remotion.rehab\/fr\/#organization\"},\"potentialAction\":[{\"@type\":\"SearchAction\",\"target\":{\"@type\":\"EntryPoint\",\"urlTemplate\":\"https:\/\/remotion.rehab\/fr\/?s={search_term_string}\"},\"query-input\":{\"@type\":\"PropertyValueSpecification\",\"valueRequired\":true,\"valueName\":\"search_term_string\"}}],\"inLanguage\":\"fr-FR\"},{\"@type\":\"Organization\",\"@id\":\"https:\/\/remotion.rehab\/fr\/#organization\",\"name\":\"Remotion\",\"url\":\"https:\/\/remotion.rehab\/fr\/\",\"logo\":{\"@type\":\"ImageObject\",\"inLanguage\":\"fr-FR\",\"@id\":\"https:\/\/remotion.rehab\/fr\/#\/schema\/logo\/image\/\",\"url\":\"https:\/\/remotion.rehab\/wp-content\/uploads\/2025\/10\/cropped-logo-remotion.png\",\"contentUrl\":\"https:\/\/remotion.rehab\/wp-content\/uploads\/2025\/10\/cropped-logo-remotion.png\",\"width\":364,\"height\":68,\"caption\":\"Remotion\"},\"image\":{\"@id\":\"https:\/\/remotion.rehab\/fr\/#\/schema\/logo\/image\/\"},\"sameAs\":[\"https:\/\/www.facebook.com\/Remotion.Rehab\",\"https:\/\/www.linkedin.com\/company\/remotion-rehab\"]}]}<\/script>\n<!-- \/ Yoast SEO plugin. -->","yoast_head_json":{"title":"Patent - Remotion","robots":{"index":"index","follow":"follow","max-snippet":"max-snippet:-1","max-image-preview":"max-image-preview:large","max-video-preview":"max-video-preview:-1"},"canonical":"https:\/\/remotion.rehab\/fr\/patent\/","og_locale":"fr_FR","og_type":"article","og_title":"Patent - Remotion","og_description":"Remotion\u2019s core technology is protected by a French utility certificate filed with INPI (Institut National de la Propri\u00e9t\u00e9 Industrielle). This utility certificate protects the innovative architecture behind our virtual rehabilitation platform, including the way we: Combine immersive virtual reality with data-driven rehabilitation programs Personalize exercises according to patient profiles and therapeutic goals Enable remote and in-clinic sessions within the same unified system Support therapists with digital tools for evaluation, monitoring, and adaptation of exercises","og_url":"https:\/\/remotion.rehab\/fr\/patent\/","og_site_name":"Remotion","article_publisher":"https:\/\/www.facebook.com\/Remotion.Rehab","article_modified_time":"2025-11-19T17:06:54+00:00","og_image":[{"url":"https:\/\/remotion.rehab\/wp-content\/uploads\/2025\/11\/Logo-inpi.svg.png","type":"","width":"","height":""}],"twitter_card":"summary_large_image","schema":{"@context":"https:\/\/schema.org","@graph":[{"@type":"WebPage","@id":"https:\/\/remotion.rehab\/fr\/patent\/","url":"https:\/\/remotion.rehab\/fr\/patent\/","name":"Patent - Remotion","isPartOf":{"@id":"https:\/\/remotion.rehab\/fr\/#website"},"primaryImageOfPage":{"@id":"https:\/\/remotion.rehab\/fr\/patent\/#primaryimage"},"image":{"@id":"https:\/\/remotion.rehab\/fr\/patent\/#primaryimage"},"thumbnailUrl":"https:\/\/remotion.rehab\/wp-content\/uploads\/2025\/11\/Logo-inpi.svg.png","datePublished":"2025-11-15T18:04:48+00:00","dateModified":"2025-11-19T17:06:54+00:00","breadcrumb":{"@id":"https:\/\/remotion.rehab\/fr\/patent\/#breadcrumb"},"inLanguage":"fr-FR","potentialAction":[{"@type":"ReadAction","target":["https:\/\/remotion.rehab\/fr\/patent\/"]}]},{"@type":"ImageObject","inLanguage":"fr-FR","@id":"https:\/\/remotion.rehab\/fr\/patent\/#primaryimage","url":"https:\/\/remotion.rehab\/wp-content\/uploads\/2025\/11\/Logo-inpi.svg.png","contentUrl":"https:\/\/remotion.rehab\/wp-content\/uploads\/2025\/11\/Logo-inpi.svg.png"},{"@type":"BreadcrumbList","@id":"https:\/\/remotion.rehab\/fr\/patent\/#breadcrumb","itemListElement":[{"@type":"ListItem","position":1,"name":"Home","item":"https:\/\/remotion.rehab\/fr\/"},{"@type":"ListItem","position":2,"name":"Patent"}]},{"@type":"WebSite","@id":"https:\/\/remotion.rehab\/fr\/#website","url":"https:\/\/remotion.rehab\/fr\/","name":"Remotion","description":"","publisher":{"@id":"https:\/\/remotion.rehab\/fr\/#organization"},"potentialAction":[{"@type":"SearchAction","target":{"@type":"EntryPoint","urlTemplate":"https:\/\/remotion.rehab\/fr\/?s={search_term_string}"},"query-input":{"@type":"PropertyValueSpecification","valueRequired":true,"valueName":"search_term_string"}}],"inLanguage":"fr-FR"},{"@type":"Organization","@id":"https:\/\/remotion.rehab\/fr\/#organization","name":"Remotion","url":"https:\/\/remotion.rehab\/fr\/","logo":{"@type":"ImageObject","inLanguage":"fr-FR","@id":"https:\/\/remotion.rehab\/fr\/#\/schema\/logo\/image\/","url":"https:\/\/remotion.rehab\/wp-content\/uploads\/2025\/10\/cropped-logo-remotion.png","contentUrl":"https:\/\/remotion.rehab\/wp-content\/uploads\/2025\/10\/cropped-logo-remotion.png","width":364,"height":68,"caption":"Remotion"},"image":{"@id":"https:\/\/remotion.rehab\/fr\/#\/schema\/logo\/image\/"},"sameAs":["https:\/\/www.facebook.com\/Remotion.Rehab","https:\/\/www.linkedin.com\/company\/remotion-rehab"]}]}},"_links":{"self":[{"href":"https:\/\/remotion.rehab\/fr\/wp-json\/wp\/v2\/pages\/1199","targetHints":{"allow":["GET"]}}],"collection":[{"href":"https:\/\/remotion.rehab\/fr\/wp-json\/wp\/v2\/pages"}],"about":[{"href":"https:\/\/remotion.rehab\/fr\/wp-json\/wp\/v2\/types\/page"}],"author":[{"embeddable":true,"href":"https:\/\/remotion.rehab\/fr\/wp-json\/wp\/v2\/users\/1"}],"replies":[{"embeddable":true,"href":"https:\/\/remotion.rehab\/fr\/wp-json\/wp\/v2\/comments?post=1199"}],"version-history":[{"count":38,"href":"https:\/\/remotion.rehab\/fr\/wp-json\/wp\/v2\/pages\/1199\/revisions"}],"predecessor-version":[{"id":1413,"href":"https:\/\/remotion.rehab\/fr\/wp-json\/wp\/v2\/pages\/1199\/revisions\/1413"}],"wp:attachment":[{"href":"https:\/\/remotion.rehab\/fr\/wp-json\/wp\/v2\/media?parent=1199"}],"curies":[{"name":"wp","href":"https:\/\/api.w.org\/{rel}","templated":true}]}}